{"id":84,"date":"2014-03-10T08:42:17","date_gmt":"2014-03-10T06:42:17","guid":{"rendered":"https:\/\/utveckling.vas-vtp.fi\/fi\/?page_id=84"},"modified":"2025-02-10T15:25:43","modified_gmt":"2025-02-10T13:25:43","slug":"muistiluettelo-2014","status":"publish","type":"page","link":"https:\/\/utveckling.vas-vtp.fi\/fi\/?page_id=84","title":{"rendered":"Tapahtumia 2025"},"content":{"rendered":"<div class=\"table-responsive\"><table  style=\"width:100%; \"  class=\"easy-table easy-table-default \" border=\"0\">\n<tbody>\r\n<tr><td >1.2 &#8211; 15.5<\/td>\n<td >Kev\u00e4tkokous *)<\/td>\n<\/tr>\n\r\n<tr><td >1.5<\/td>\n<td >Lipunnosto<\/td>\n<\/tr>\n\r\n<tr><td >1.5 &#8211; 30.6<\/td>\n<td >Veneiden katsastus<\/td>\n<\/tr>\n\r\n<tr><td >2.5 &#8211; 15.5<\/td>\n<td >Veneiden lasku I **)<\/td>\n<\/tr>\n\r\n<tr><td >16.5 &#8211; 31.5<\/td>\n<td >Veneiden lasku II **)<\/td>\n<\/tr>\n\r\n<tr><td ><\/td>\n<td >R\u00f6nnsk\u00e4rin talkoot *)<\/td>\n<\/tr>\n\r\n<tr><td >15.9 &#8211; 31.9<\/td>\n<td >Veneiden nosto I **)<\/td>\n<\/tr>\n\r\n<tr><td >1.10 &#8211; 15.10<\/td>\n<td >Veneiden nosto II **)<\/td>\n<\/tr>\n\r\n<tr><td >15.10<\/td>\n<td >Lipunlasku<\/td>\n<\/tr>\n\r\n<tr><td >15.10 &#8211; 15.12<\/td>\n<td > Syyskokous *)<\/td>\n<\/tr>\n\r\n<tr><td ><\/td>\n<td >*) Ajankohta t\u00e4smennet\u00e4\u00e4n seuran verkkosivuilla<\/td>\n<\/tr>\n\r\n<tr><td ><\/td>\n<td >**) Ajankohdasta sovitaan WhatsApp-ryhm\u00e4ss\u00e4<\/td>\n<\/tr>\n<\/tbody><\/table><\/div>\n","protected":false},"excerpt":{"rendered":"","protected":false},"author":2,"featured_media":0,"parent":0,"menu_order":0,"comment_status":"closed","ping_status":"closed","template":"","meta":{"footnotes":""},"class_list":["post-84","page","type-page","status-publish","hentry"],"_links":{"self":[{"href":"https:\/\/utveckling.vas-vtp.fi\/fi\/index.php?rest_route=\/wp\/v2\/pages\/84","targetHints":{"allow":["GET"]}}],"collection":[{"href":"https:\/\/utveckling.vas-vtp.fi\/fi\/index.php?rest_route=\/wp\/v2\/pages"}],"about":[{"href":"https:\/\/utveckling.vas-vtp.fi\/fi\/index.php?rest_route=\/wp\/v2\/types\/page"}],"author":[{"embeddable":true,"href":"https:\/\/utveckling.vas-vtp.fi\/fi\/index.php?rest_route=\/wp\/v2\/users\/2"}],"replies":[{"embeddable":true,"href":"https:\/\/utveckling.vas-vtp.fi\/fi\/index.php?rest_route=%2Fwp%2Fv2%2Fcomments&post=84"}],"version-history":[{"count":14,"href":"https:\/\/utveckling.vas-vtp.fi\/fi\/index.php?rest_route=\/wp\/v2\/pages\/84\/revisions"}],"predecessor-version":[{"id":696,"href":"https:\/\/utveckling.vas-vtp.fi\/fi\/index.php?rest_route=\/wp\/v2\/pages\/84\/revisions\/696"}],"wp:attachment":[{"href":"https:\/\/utveckling.vas-vtp.fi\/fi\/index.php?rest_route=%2Fwp%2Fv2%2Fmedia&parent=84"}],"curies":[{"name":"wp","href":"https:\/\/api.w.org\/{rel}","templated":true}]}}