{"id":75,"date":"2014-03-09T11:39:24","date_gmt":"2014-03-09T11:39:24","guid":{"rendered":"https:\/\/utveckling.vas-vtp.fi\/?page_id=75"},"modified":"2026-01-06T12:49:20","modified_gmt":"2026-01-06T10:49:20","slug":"minneslista-2014","status":"publish","type":"page","link":"https:\/\/utveckling.vas-vtp.fi\/?page_id=75","title":{"rendered":"H\u00e4nder 2025"},"content":{"rendered":"\n<div class=\"wp-block-columns is-layout-flex wp-container-core-columns-is-layout-9d6595d7 wp-block-columns-is-layout-flex\">\n<div class=\"wp-block-column is-layout-flow wp-block-column-is-layout-flow\" style=\"flex-basis:100%\">\n<figure class=\"wp-block-table\"><table class=\"has-fixed-layout\"><tbody><tr><td>1.2 &#8211; 15.5<\/td><td>V\u00e5rm\u00f6te *)<\/td><\/tr><tr><td>1.5<\/td><td>Flagghissning<\/td><\/tr><tr><td>1.5 &#8211; 30.6<\/td><td>Besiktning av b\u00e5tar<\/td><\/tr><tr><td>2 -15.5<\/td><td>Sj\u00f6s\u00e4ttning I **)<\/td><\/tr><tr><td>16 &#8211; 31.5<\/td><td>Sj\u00f6s\u00e4ttning II **)<\/td><\/tr><tr><td><\/td><td>Talko p\u00e5 R\u00f6nnsk\u00e4r *)<\/td><\/tr><tr><td>15 &#8211; 31.9<\/td><td>B\u00e5tlyft I **)<\/td><\/tr><tr><td>1 &#8211; 15.10<\/td><td>B\u00e5tlyft II **)<\/td><\/tr><tr><td>15.10<\/td><td>Flagghalning<\/td><\/tr><tr><td>15.10 &#8211; 15.12<\/td><td>H\u00f6stm\u00f6te *)<\/td><\/tr><tr><td><\/td><td>*) Tidpunkten preciseras p\u00e5 s\u00e4llskapets webbplats<\/td><\/tr><tr><td><\/td><td>**) Exakt datum best\u00e4ms i deltagarnas WhatsApp-grupp<\/td><\/tr><\/tbody><\/table><\/figure>\n<\/div>\n<\/div>\n","protected":false},"excerpt":{"rendered":"<p>1.2 &#8211; 15.5 V\u00e5rm\u00f6te *) 1.5 Flagghissning 1.5 &#8211; 30.6 Besiktning av b\u00e5tar 2 -15.5 Sj\u00f6s\u00e4ttning I **) 16 &#8211; 31.5 Sj\u00f6s\u00e4ttning II **) Talko p\u00e5 R\u00f6nnsk\u00e4r *) 15 &#8211; 31.9 B\u00e5tlyft I **) 1 &#8211; 15.10 B\u00e5tlyft II **) 15.10 Flagghalning 15.10 &#8211; 15.12 H\u00f6stm\u00f6te *) *) Tidpunkten preciseras p\u00e5 s\u00e4llskapets webbplats **) Exakt [&hellip;]<\/p>\n","protected":false},"author":1,"featured_media":0,"parent":0,"menu_order":0,"comment_status":"closed","ping_status":"closed","template":"","meta":{"footnotes":""},"class_list":["post-75","page","type-page","status-publish","hentry"],"_links":{"self":[{"href":"https:\/\/utveckling.vas-vtp.fi\/index.php?rest_route=\/wp\/v2\/pages\/75","targetHints":{"allow":["GET"]}}],"collection":[{"href":"https:\/\/utveckling.vas-vtp.fi\/index.php?rest_route=\/wp\/v2\/pages"}],"about":[{"href":"https:\/\/utveckling.vas-vtp.fi\/index.php?rest_route=\/wp\/v2\/types\/page"}],"author":[{"embeddable":true,"href":"https:\/\/utveckling.vas-vtp.fi\/index.php?rest_route=\/wp\/v2\/users\/1"}],"replies":[{"embeddable":true,"href":"https:\/\/utveckling.vas-vtp.fi\/index.php?rest_route=%2Fwp%2Fv2%2Fcomments&post=75"}],"version-history":[{"count":16,"href":"https:\/\/utveckling.vas-vtp.fi\/index.php?rest_route=\/wp\/v2\/pages\/75\/revisions"}],"predecessor-version":[{"id":812,"href":"https:\/\/utveckling.vas-vtp.fi\/index.php?rest_route=\/wp\/v2\/pages\/75\/revisions\/812"}],"wp:attachment":[{"href":"https:\/\/utveckling.vas-vtp.fi\/index.php?rest_route=%2Fwp%2Fv2%2Fmedia&parent=75"}],"curies":[{"name":"wp","href":"https:\/\/api.w.org\/{rel}","templated":true}]}}